{"id":152,"date":"2022-03-09T11:27:14","date_gmt":"2022-03-09T10:27:14","guid":{"rendered":"http:\/\/prosites.home.pl\/autoinstalator\/wordpress7\/?page_id=152"},"modified":"2026-03-11T08:26:01","modified_gmt":"2026-03-11T07:26:01","slug":"gabinet","status":"publish","type":"page","link":"https:\/\/metkowska-walewska.pl\/index.php\/gabinet\/","title":{"rendered":"Gdzie przyjmuj\u0119"},"content":{"rendered":"\t\t<div data-elementor-type=\"wp-page\" data-elementor-id=\"152\" class=\"elementor elementor-152\">\n\t\t\t\t\t\t<section class=\"elementor-section elementor-top-section elementor-element elementor-element-ee32d47 elementor-section-boxed elementor-section-height-default elementor-section-height-default\" data-id=\"ee32d47\" data-element_type=\"section\" data-e-type=\"section\" data-settings=\"{&quot;background_background&quot;:&quot;classic&quot;,&quot;shape_divider_bottom&quot;:&quot;waves&quot;}\">\n\t\t\t\t\t<div class=\"elementor-shape elementor-shape-bottom\" aria-hidden=\"true\" data-negative=\"false\">\n\t\t\t<svg xmlns=\"http:\/\/www.w3.org\/2000\/svg\" viewBox=\"0 0 1000 100\" preserveAspectRatio=\"none\">\n\t<path class=\"elementor-shape-fill\" d=\"M421.9,6.5c22.6-2.5,51.5,0.4,75.5,5.3c23.6,4.9,70.9,23.5,100.5,35.7c75.8,32.2,133.7,44.5,192.6,49.7\n\tc23.6,2.1,48.7,3.5,103.4-2.5c54.7-6,106.2-25.6,106.2-25.6V0H0v30.3c0,0,72,32.6,158.4,30.5c39.2-0.7,92.8-6.7,134-22.4\n\tc21.2-8.1,52.2-18.2,79.7-24.2C399.3,7.9,411.6,7.5,421.9,6.5z\"\/>\n<\/svg>\t\t<\/div>\n\t\t\t\t\t<div class=\"elementor-container elementor-column-gap-no\">\n\t\t\t\t\t<div class=\"elementor-column elementor-col-50 elementor-top-column elementor-element elementor-element-5f903b29\" data-id=\"5f903b29\" data-element_type=\"column\" data-e-type=\"column\">\n\t\t\t<div class=\"elementor-widget-wrap elementor-element-populated\">\n\t\t\t\t\t\t<div class=\"elementor-element elementor-element-a94f7ea elementor-widget elementor-widget-google_maps\" data-id=\"a94f7ea\" data-element_type=\"widget\" data-e-type=\"widget\" data-widget_type=\"google_maps.default\">\n\t\t\t\t<div class=\"elementor-widget-container\">\n\t\t\t\t\t\t\t<div class=\"elementor-custom-embed\">\n\t\t\t<iframe loading=\"lazy\"\n\t\t\t\t\tsrc=\"https:\/\/maps.google.com\/maps?q=Magdalena%20Metkowska%20Walewska&#038;t=m&#038;z=14&#038;output=embed&#038;iwloc=near\"\n\t\t\t\t\ttitle=\"Magdalena Metkowska Walewska\"\n\t\t\t\t\taria-label=\"Magdalena Metkowska Walewska\"\n\t\t\t><\/iframe>\n\t\t<\/div>\n\t\t\t\t\t\t<\/div>\n\t\t\t\t<\/div>\n\t\t\t\t\t<\/div>\n\t\t<\/div>\n\t\t\t\t<div class=\"elementor-column elementor-col-50 elementor-top-column elementor-element elementor-element-7ecc3319\" data-id=\"7ecc3319\" data-element_type=\"column\" data-e-type=\"column\">\n\t\t\t<div class=\"elementor-widget-wrap elementor-element-populated\">\n\t\t\t\t\t\t<div class=\"elementor-element elementor-element-66040681 elementor-widget-divider--view-line elementor-widget elementor-widget-divider\" data-id=\"66040681\" data-element_type=\"widget\" data-e-type=\"widget\" data-widget_type=\"divider.default\">\n\t\t\t\t<div class=\"elementor-widget-container\">\n\t\t\t\t\t\t\t<div class=\"elementor-divider\">\n\t\t\t<span class=\"elementor-divider-separator\">\n\t\t\t\t\t\t<\/span>\n\t\t<\/div>\n\t\t\t\t\t\t<\/div>\n\t\t\t\t<\/div>\n\t\t\t\t<div class=\"elementor-element elementor-element-713adec0 elementor-widget elementor-widget-heading\" data-id=\"713adec0\" data-element_type=\"widget\" data-e-type=\"widget\" data-widget_type=\"heading.default\">\n\t\t\t\t<div class=\"elementor-widget-container\">\n\t\t\t\t\t<h2 class=\"elementor-heading-title elementor-size-default\">Gdzie przyjmuj\u0119<\/h2>\t\t\t\t<\/div>\n\t\t\t\t<\/div>\n\t\t\t\t<div class=\"elementor-element elementor-element-1a8026 elementor-widget elementor-widget-text-editor\" data-id=\"1a8026\" data-element_type=\"widget\" data-e-type=\"widget\" data-widget_type=\"text-editor.default\">\n\t\t\t\t<div class=\"elementor-widget-container\">\n\t\t\t\t\t\t\t\t\t<p>Zapraszam do gabinetu przy ulicy <strong>Bia\u0142ej 1b<\/strong>, budynek grupy GPEC\u00a0(pi\u0119tro III).<\/p><ul><li>tel. kontaktowy: <strong>605 883 077<\/strong> (preferuj\u0119 zg\u0142oszenia <b>SMS<\/b>-em)<\/li><li>adres e-mail: <a href=\"mailto:p_walewska@wp.pl\"><strong>p_walewska@wp.pl<\/strong><\/a><\/li><\/ul><hr \/><p><strong>Przyjmuj\u0119 r\u00f3wnie\u017c on-line.<\/strong><\/p>\t\t\t\t\t\t\t\t<\/div>\n\t\t\t\t<\/div>\n\t\t\t\t<div class=\"elementor-element elementor-element-aed9383 elementor-widget elementor-widget-text-editor\" data-id=\"aed9383\" data-element_type=\"widget\" data-e-type=\"widget\" data-widget_type=\"text-editor.default\">\n\t\t\t\t<div class=\"elementor-widget-container\">\n\t\t\t\t\t\t\t\t\t<p>CENY:<\/p>\n<ul>\n<li>konsultacja &#8211; <strong>250 z\u0142<\/strong>&nbsp;do 50min<\/li>\n<li>konsultacja dla pary (dw\u00f3ch os\u00f3b) &#8211; <b>300 z\u0142<\/b> do 60min<\/li>\n<li>psychoterapia &#8211; <strong>250 z\u0142<\/strong> 50min<\/li>\n<li>diagnoza ADOS-2 z opisem (pow. 5 roku \u017cycia) <b>600 z\u0142<\/b> do 90min<\/li>\n<li>wywiad ACIA do 90min &#8211; <b>600 z\u0142<\/b><\/li>\n<li>wywiad DIVA do 90min &#8211; <b>600 z\u0142<\/b><\/li>\n<li>test MOXO do 30min &#8211; <b>300 z\u0142<\/b><\/li>\n<li>SCID II do 90min &#8211; <b>600 z\u0142<\/b><\/li>\n<\/ul>\n<div><span style=\"color: #000000; font-family: -apple-system, BlinkMacSystemFont, 'Helvetica Neue', 'Segoe UI', Arial, sans-serif, 'Apple Color Emoji', 'Segoe UI Emoji', 'Segoe UI Symbol'; font-size: 13px;\">mBank: <strong>84 1140 2004 0000 3202 6789 2189<\/strong><\/span><\/div>\t\t\t\t\t\t\t\t<\/div>\n\t\t\t\t<\/div>\n\t\t\t\t\t<\/div>\n\t\t<\/div>\n\t\t\t\t\t<\/div>\n\t\t<\/section>\n\t\t\t\t<\/div>\n\t\t","protected":false},"excerpt":{"rendered":"<p>Gdzie przyjmuj\u0119 Zapraszam do gabinetu przy ulicy Bia\u0142ej 1b, budynek grupy GPEC\u00a0(pi\u0119tro III). tel. kontaktowy: 605 883 077 (preferuj\u0119 zg\u0142oszenia SMS-em) adres e-mail: p_walewska@wp.pl Przyjmuj\u0119 r\u00f3wnie\u017c on-line. CENY: konsultacja &#8211; 250 z\u0142&nbsp;do 50min konsultacja dla pary (dw\u00f3ch os\u00f3b) &#8211; 300 z\u0142 do 60min psychoterapia &#8211; 250 z\u0142 50min diagnoza ADOS-2 z opisem (pow. 5 roku [&hellip;]<\/p>\n","protected":false},"author":1,"featured_media":0,"parent":0,"menu_order":0,"comment_status":"closed","ping_status":"closed","template":"elementor_header_footer","meta":{"site-sidebar-layout":"default","site-content-layout":"","ast-site-content-layout":"default","site-content-style":"default","site-sidebar-style":"default","ast-global-header-display":"","ast-banner-title-visibility":"","ast-main-header-display":"","ast-hfb-above-header-display":"","ast-hfb-below-header-display":"","ast-hfb-mobile-header-display":"","site-post-title":"","ast-breadcrumbs-content":"","ast-featured-img":"","footer-sml-layout":"","ast-disable-related-posts":"","theme-transparent-header-meta":"","adv-header-id-meta":"","stick-header-meta":"","header-above-stick-meta":"","header-main-stick-meta":"","header-below-stick-meta":"","astra-migrate-meta-layouts":"set","ast-page-background-enabled":"default","ast-page-background-meta":{"desktop":{"background-color":"var(--ast-global-color-4)","background-image":"","background-repeat":"repeat","background-position":"center center","background-size":"auto","background-attachment":"scroll","background-type":"","background-media":"","overlay-type":"","overlay-color":"","overlay-opacity":"","overlay-gradient":""},"tablet":{"background-color":"","background-image":"","background-repeat":"repeat","background-position":"center center","background-size":"auto","background-attachment":"scroll","background-type":"","background-media":"","overlay-type":"","overlay-color":"","overlay-opacity":"","overlay-gradient":""},"mobile":{"background-color":"","background-image":"","background-repeat":"repeat","background-position":"center center","background-size":"auto","background-attachment":"scroll","background-type":"","background-media":"","overlay-type":"","overlay-color":"","overlay-opacity":"","overlay-gradient":""}},"ast-content-background-meta":{"desktop":{"background-color":"var(--ast-global-color-5)","background-image":"","background-repeat":"repeat","background-position":"center center","background-size":"auto","background-attachment":"scroll","background-type":"","background-media":"","overlay-type":"","overlay-color":"","overlay-opacity":"","overlay-gradient":""},"tablet":{"background-color":"var(--ast-global-color-5)","background-image":"","background-repeat":"repeat","background-position":"center center","background-size":"auto","background-attachment":"scroll","background-type":"","background-media":"","overlay-type":"","overlay-color":"","overlay-opacity":"","overlay-gradient":""},"mobile":{"background-color":"var(--ast-global-color-5)","background-image":"","background-repeat":"repeat","background-position":"center center","background-size":"auto","background-attachment":"scroll","background-type":"","background-media":"","overlay-type":"","overlay-color":"","overlay-opacity":"","overlay-gradient":""}},"footnotes":""},"class_list":["post-152","page","type-page","status-publish","hentry"],"_links":{"self":[{"href":"https:\/\/metkowska-walewska.pl\/index.php\/wp-json\/wp\/v2\/pages\/152","targetHints":{"allow":["GET"]}}],"collection":[{"href":"https:\/\/metkowska-walewska.pl\/index.php\/wp-json\/wp\/v2\/pages"}],"about":[{"href":"https:\/\/metkowska-walewska.pl\/index.php\/wp-json\/wp\/v2\/types\/page"}],"author":[{"embeddable":true,"href":"https:\/\/metkowska-walewska.pl\/index.php\/wp-json\/wp\/v2\/users\/1"}],"replies":[{"embeddable":true,"href":"https:\/\/metkowska-walewska.pl\/index.php\/wp-json\/wp\/v2\/comments?post=152"}],"version-history":[{"count":90,"href":"https:\/\/metkowska-walewska.pl\/index.php\/wp-json\/wp\/v2\/pages\/152\/revisions"}],"predecessor-version":[{"id":529,"href":"https:\/\/metkowska-walewska.pl\/index.php\/wp-json\/wp\/v2\/pages\/152\/revisions\/529"}],"wp:attachment":[{"href":"https:\/\/metkowska-walewska.pl\/index.php\/wp-json\/wp\/v2\/media?parent=152"}],"curies":[{"name":"wp","href":"https:\/\/api.w.org\/{rel}","templated":true}]}}